{"id":77115,"date":"2020-01-26T17:04:32","date_gmt":"2020-01-26T16:04:32","guid":{"rendered":"https:\/\/hagemann.plstr.dev\/service\/"},"modified":"2025-03-07T12:54:32","modified_gmt":"2025-03-07T11:54:32","slug":"downloads","status":"publish","type":"page","link":"https:\/\/hagemann.plstr.dev\/en\/downloads\/","title":{"rendered":"Downloads"},"content":{"rendered":"<div class=\"wpb-content-wrapper\"><p>[vc_row row_height_percent=&#8221;0&#8243; override_padding=&#8221;yes&#8221; h_padding=&#8221;2&#8243; top_padding=&#8221;2&#8243; bottom_padding=&#8221;3&#8243; overlay_alpha=&#8221;50&#8243; gutter_size=&#8221;3&#8243; column_width_percent=&#8221;100&#8243; shift_y=&#8221;0&#8243; z_index=&#8221;0&#8243;][vc_column width=&#8221;1\/1&#8243;][vc_custom_heading heading_semantic=&#8221;h1&#8243; text_size=&#8221;h1&#8243;]Download detail information[\/vc_custom_heading][vc_column_text el_class=&#8221;half-margin-textcolumn&#8221;]<\/p>\n<div class=\"m-content__content\">\n<div class=\"wp-mce\">\n<p>Find our catalogues, product info, certificates and patents here. If you do not find what you need, just contact us. We are happy to assist and provide you with the needed information.<\/p>\n<\/div>\n<\/div>\n<p>[\/vc_column_text][vc_accordion active_tab=&#8221;20&#8243;][vc_accordion_tab title=&#8221;Catalog&#8221; tab_id=&#8221;1571501239-1-121572860858278&#8243;][uncode_list icon=&#8221;fa fa-download5&#8243; icon_color=&#8221;accent&#8221; uncode_shortcode_id=&#8221;169223&#8243; icon_color_type=&#8221;uncode-palette&#8221;]<\/p>\n<ul>\n<li><a href=\"https:\/\/my.presono.com\/share\/fc4b5251-9f94-41c0-87ff-d303f6152dc6?email=false\" target=\"_blank\" rel=\"noopener\">Our interactive product catalog<\/a><\/li>\n<li><a href=\"https:\/\/hagemann.plstr.dev\/wp-content\/uploads\/2020\/12\/Katalog_gummitechnik-V.3.pdf\" target=\"_blank\" rel=\"noopener noreferrer\">Rubber technology<\/a><\/li>\n<li><a href=\"https:\/\/hagemann.plstr.dev\/wp-content\/uploads\/2020\/12\/katalog_kunststofftechnik-V.3.pdf\" target=\"_blank\" rel=\"noopener noreferrer\">Plastic technology<\/a><\/li>\n<li><a href=\"https:\/\/hagemann.plstr.dev\/wp-content\/uploads\/2024\/08\/Katalog-Batterietechnik_V30_01.08.2024.pdf\" target=\"_blank\" rel=\"noopener noreferrer\">Battery technology<\/a><\/li>\n<li><a href=\"\/wp-content\/uploads\/2019\/10\/Katalog-EINBAUMATERIAL.pdf\" target=\"_blank\" rel=\"noopener noreferrer\">Installation materials<\/a><\/li>\n<li><a href=\"https:\/\/hagemann.plstr.dev\/wp-content\/uploads\/2021\/12\/Katalog-Wasser-Sa%CC%88ure-Luft.pdf\" target=\"_blank\" rel=\"noopener\">Water, air and acid<\/a><\/li>\n<li><a href=\"https:\/\/hagemann.plstr.dev\/wp-content\/uploads\/2023\/11\/Lugsulation-Overview-05_22.pdf\" target=\"_blank\" rel=\"noopener\">Lugsulation overview<\/a><\/li>\n<\/ul>\n<p>[\/uncode_list][\/vc_accordion_tab][vc_accordion_tab title=&#8221;Data sheets&#8221; tab_id=&#8221;1571501524310-2-21572860858278&#8243;][uncode_list icon=&#8221;fa fa-download5&#8243; icon_color=&#8221;accent&#8221; uncode_shortcode_id=&#8221;971842&#8243; icon_color_type=&#8221;uncode-palette&#8221;]<\/p>\n<ul>\n<li><a href=\"https:\/\/hagemann.plstr.dev\/wp-content\/uploads\/2020\/01\/22_PI-BatteryTerminals05-Sept-2018.pdf\" target=\"_blank\" rel=\"noopener noreferrer\">Battery terminals<\/a><\/li>\n<li><a href=\"https:\/\/hagemann.plstr.dev\/wp-content\/uploads\/2020\/10\/45_PI-Deioniser-2018-EN.pdf\" target=\"_blank\" rel=\"noopener noreferrer\">Deionisation system<\/a><\/li>\n<li><a href=\"https:\/\/hagemann.plstr.dev\/wp-content\/uploads\/2023\/11\/PI_FullyInsulatedTerminationTechnology-Lugsulation08_2021.pdf\" target=\"_blank\" rel=\"noopener noreferrer\">Lugsulation \u2013 the fully insulated connection technology<\/a><\/li>\n<li><a href=\"https:\/\/hagemann.plstr.dev\/wp-content\/uploads\/2024\/04\/PI-Lugsulation_smart_12-03-2024.pdf\" target=\"_blank\" rel=\"noopener\">Lugsulation Smart<\/a><\/li>\n<li><a class=\"cursor-init\" href=\"https:\/\/hagemann.plstr.dev\/wp-content\/uploads\/2025\/03\/PI-Lugsulation_Space_optimized.pdf\">Lugsulation &#8211; Space Optimized<\/a><\/li>\n<li><a href=\"https:\/\/hagemann.plstr.dev\/wp-content\/uploads\/2024\/04\/64_65_PI-Terminal-Caps_2024.pdf\" target=\"_blank\" rel=\"noopener noreferrer\">Terminal caps<\/a><\/li>\n<li><a href=\"https:\/\/hagemann.plstr.dev\/wp-content\/uploads\/2023\/11\/60_PI_Stackable_packing_plates_2018-2.pdf\" target=\"_blank\" rel=\"noopener noreferrer\">Stackable packing plates<\/a><\/li>\n<li><a href=\"https:\/\/hagemann.plstr.dev\/wp-content\/uploads\/2020\/07\/HSYS-Battery-Watering-Cell-PI-englisch.pdf\" target=\"_blank\" rel=\"noopener\">HSYS Battery Watering Cell<\/a><\/li>\n<li><a href=\"https:\/\/hagemann.plstr.dev\/wp-content\/uploads\/2023\/11\/PI-HSYS-BLOC-English_V03_28.03.2023.pdf\" target=\"_blank\" rel=\"noopener\">HSYS Battery Watering Bloc<\/a><\/li>\n<li><a href=\"https:\/\/hagemann.plstr.dev\/wp-content\/uploads\/2019\/12\/PI-Vario-Complete-Kupplung-Englisch.pdf\" target=\"_blank\" rel=\"noopener\">Vario complete coupler<\/a><\/li>\n<li><a href=\"https:\/\/hagemann.plstr.dev\/wp-content\/uploads\/2020\/07\/21_PS_Kabelverbinder_2019.pdf\">Kabelverbinder<\/a><\/li>\n<li><a href=\"https:\/\/hagemann.plstr.dev\/wp-content\/uploads\/2020\/01\/Konuspolverbinder-PI-englisch.pdf\">Cone pole connector<\/a><\/li>\n<li><a href=\"https:\/\/hagemann.plstr.dev\/wp-content\/uploads\/2023\/11\/PI-InstallationMaterial_2018.pdf\">Installation material<\/a><\/li>\n<li><a href=\"https:\/\/hagemann.plstr.dev\/wp-content\/uploads\/2023\/12\/20200303-Battery-Care-PI-englisch.pdf\" target=\"_blank\" rel=\"noopener\">HSYS battery care<\/a><\/li>\n<li><a href=\"https:\/\/hagemann.plstr.dev\/wp-content\/uploads\/2020\/01\/62_PI-connectors_2018.pdf\" target=\"_blank\" rel=\"noopener\">Connectors<\/a><\/li>\n<li><a href=\"https:\/\/hagemann.plstr.dev\/wp-content\/uploads\/2024\/04\/Abdeckkappen-DOM-Uebersicht-Final_2022.pdf\" target=\"_blank\" rel=\"noopener\">Covering cap DOM series<\/a><\/li>\n<li><a href=\"https:\/\/hagemann.plstr.dev\/wp-content\/uploads\/2024\/04\/PI-Vollisolierter-signalabgriff-Englisch.pdf\" target=\"_blank\" rel=\"noopener\">Fully insulated signal tap<\/a><\/li>\n<li><a href=\"https:\/\/hagemann.plstr.dev\/wp-content\/uploads\/2024\/04\/Kabelschuhe-1-englisch.pdf\">HSYS cable lugs<\/a><\/li>\n<\/ul>\n<p>[\/uncode_list][\/vc_accordion_tab][vc_accordion_tab title=&#8221;Others&#8221; tab_id=&#8221;1571501786404-4-31572860858278&#8243;][uncode_list icon=&#8221;fa fa-download5&#8243; icon_color=&#8221;accent&#8221; uncode_shortcode_id=&#8221;198250&#8243; icon_color_type=&#8221;uncode-palette&#8221;]<\/p>\n<ul>\n<li><a href=\"\/wp-content\/uploads\/2019\/10\/HSYS_Kurzprofil_D_E-2018.pdf\" target=\"_blank\" rel=\"noopener noreferrer\">Hagemann Systems short profile<\/a><\/li>\n<li><a href=\"\/wp-content\/uploads\/2019\/10\/Logistik-Jahrbuch-2017-2_2.pdf\" target=\"_blank\" rel=\"noopener noreferrer\">Contribution in the yearbook logistics 2017<\/a><\/li>\n<li><a href=\"\/wp-content\/uploads\/2019\/10\/PrN%CC%83sentation-Lugsulation-seal-DC-EN-20181009.pdf\" target=\"_blank\" rel=\"noopener noreferrer\">Lugsulation for golf carts<\/a><\/li>\n<li><a href=\"https:\/\/hagemann.plstr.dev\/wp-content\/uploads\/2020\/08\/Rippenplatten-Pr%C3%A4sentation-eng-20190730.pdf\" target=\"_blank\" rel=\"noopener noreferrer\">Ribbed plate presentation<\/a><\/li>\n<li><a href=\"https:\/\/my.presono.com\/share\/eaa9ff61-4010-4485-a16f-8713d103eaa3?email=false\" target=\"_blank\" rel=\"noopener noreferrer\">HSYS company presentation <\/a><\/li>\n<li><a href=\"https:\/\/hagemann.plstr.dev\/wp-content\/uploads\/2023\/10\/RoHS-Compliance-Statement.pdf\">RoHS Compliance Statement<\/a><\/li>\n<li><a href=\"https:\/\/hagemann.plstr.dev\/wp-content\/uploads\/2023\/10\/REACH-Compliance-Information.pdf\">REACH Compliance Information<\/a><\/li>\n<li><a href=\"https:\/\/hagemann.plstr.dev\/wp-content\/uploads\/2023\/10\/Conflict-Minerals-Compliance.pdf\">Conflict Minerals Compliance Statement<\/a><\/li>\n<\/ul>\n<p>[\/uncode_list][\/vc_accordion_tab][\/vc_accordion][\/vc_column][\/vc_row][vc_row row_height_percent=&#8221;0&#8243; override_padding=&#8221;yes&#8221; h_padding=&#8221;2&#8243; top_padding=&#8221;0&#8243; bottom_padding=&#8221;3&#8243; back_color=&#8221;accent&#8221; overlay_alpha=&#8221;50&#8243; gutter_size=&#8221;3&#8243; column_width_percent=&#8221;100&#8243; shift_y=&#8221;0&#8243; z_index=&#8221;0&#8243; css=&#8221;.vc_custom_1572862351475{margin-top: 142px !important;}&#8221;][vc_column column_width_percent=&#8221;100&#8243; position_horizontal=&#8221;left&#8221; gutter_size=&#8221;3&#8243; overlay_alpha=&#8221;50&#8243; shift_x=&#8221;0&#8243; shift_y=&#8221;-5&#8243; shift_y_fixed=&#8221;yes&#8221; shift_y_down=&#8221;0&#8243; z_index=&#8221;0&#8243; medium_width=&#8221;0&#8243; mobile_width=&#8221;0&#8243; width=&#8221;1\/1&#8243;][vc_custom_heading text_color=&#8221;accent&#8221;]Our certificates and patents[\/vc_custom_heading][vc_gallery el_id=&#8221;gallery-1&#8243; type=&#8221;carousel&#8221; medias=&#8221;76158,76159,76160,79497&#8243; carousel_lg=&#8221;4&#8243; carousel_md=&#8221;3&#8243; carousel_sm=&#8221;1&#8243; gutter_size=&#8221;3&#8243; media_items=&#8221;media|lightbox|original&#8221; carousel_interval=&#8221;0&#8243; carousel_navspeed=&#8221;400&#8243; carousel_overflow=&#8221;yes&#8221; stage_padding=&#8221;0&#8243; single_text=&#8221;under&#8221; single_back_color=&#8221;color-xsdn&#8221; single_overlay_color=&#8221;color-rgdb&#8221; single_overlay_opacity=&#8221;90&#8243; single_overlay_anim=&#8221;no&#8221; single_padding=&#8221;2&#8243; single_text_reduced=&#8221;yes&#8221; single_title_dimension=&#8221;h4&#8243; single_shadow=&#8221;yes&#8221; shadow_weight=&#8221;sm&#8221; single_border=&#8221;yes&#8221; single_css_animation=&#8221;zoom-in&#8221; single_animation_speed=&#8221;600&#8243; single_animation_delay=&#8221;400&#8243; uncode_shortcode_id=&#8221;103029&#8243;][\/vc_column][\/vc_row][vc_row row_height_percent=&#8221;0&#8243; override_padding=&#8221;yes&#8221; h_padding=&#8221;2&#8243; top_padding=&#8221;4&#8243; bottom_padding=&#8221;3&#8243; overlay_alpha=&#8221;50&#8243; gutter_size=&#8221;3&#8243; column_width_percent=&#8221;100&#8243; shift_y=&#8221;0&#8243; z_index=&#8221;0&#8243;][vc_column width=&#8221;1\/1&#8243;][vc_custom_heading text_color=&#8221;accent&#8221; heading_semantic=&#8221;h1&#8243; text_size=&#8221;h1&#8243;]Our explanation and animation video clips[\/vc_custom_heading][vc_column_text el_class=&#8221;half-margin-textcolumn&#8221; uncode_shortcode_id=&#8221;581021&#8243;]<\/p>\n<div class=\"uncode_text_column half-margin-textcolumn\">\n<p>Sometimes, a picture is worth a thousand words \u2013 even more if it is a video. Watch our video clips and learn everything you have always wanted to know about fully insulated connection technology in just one minute.<\/p>\n<\/div>\n<p>[\/vc_column_text][\/vc_column][\/vc_row][vc_row row_height_percent=&#8221;0&#8243; override_padding=&#8221;yes&#8221; h_padding=&#8221;2&#8243; top_padding=&#8221;0&#8243; bottom_padding=&#8221;4&#8243; back_color=&#8221;color-131646&#8243; overlay_alpha=&#8221;50&#8243; gutter_size=&#8221;3&#8243; column_width_percent=&#8221;100&#8243; shift_y=&#8221;0&#8243; shift_y_fixed=&#8221;yes&#8221; z_index=&#8221;0&#8243; el_class=&#8221;offgrid-outbox-oben-3&#8243;][vc_column column_width_percent=&#8221;100&#8243; gutter_size=&#8221;3&#8243; overlay_alpha=&#8221;50&#8243; shift_x=&#8221;0&#8243; shift_y=&#8221;-4&#8243; shift_y_fixed=&#8221;yes&#8221; shift_y_down=&#8221;0&#8243; z_index=&#8221;0&#8243; medium_width=&#8221;0&#8243; mobile_width=&#8221;0&#8243; width=&#8221;1\/1&#8243;][vc_gallery el_id=&#8221;gallery-128165&#8243; medias=&#8221;77467,77478,77462&#8243; gutter_size=&#8221;3&#8243; media_items=&#8221;media|lightbox|poster,icon|lg,title,description&#8221; screen_lg=&#8221;1000&#8243; screen_md=&#8221;600&#8243; screen_sm=&#8221;480&#8243; single_text=&#8221;under&#8221; single_back_color=&#8221;color-xsdn&#8221; single_overlay_color=&#8221;color-115079&#8243; single_overlay_opacity=&#8221;50&#8243; single_overlay_visible=&#8221;yes&#8221; single_image_anim=&#8221;no&#8221; single_padding=&#8221;2&#8243; single_title_dimension=&#8221;h3&#8243; single_icon=&#8221;fa fa-play&#8221; single_shadow=&#8221;yes&#8221; shadow_weight=&#8221;sm&#8221; single_border=&#8221;yes&#8221; lbox_no_arrows=&#8221;yes&#8221; lbox_no_tmb=&#8221;yes&#8221; uncode_shortcode_id=&#8221;210062&#8243;][\/vc_column][\/vc_row][vc_row row_height_percent=&#8221;0&#8243; override_padding=&#8221;yes&#8221; h_padding=&#8221;2&#8243; top_padding=&#8221;4&#8243; bottom_padding=&#8221;3&#8243; overlay_alpha=&#8221;50&#8243; gutter_size=&#8221;3&#8243; column_width_percent=&#8221;100&#8243; shift_y=&#8221;0&#8243; z_index=&#8221;0&#8243;][vc_column width=&#8221;1\/1&#8243;][vc_custom_heading text_color=&#8221;accent&#8221; heading_semantic=&#8221;h1&#8243; text_size=&#8221;h1&#8243;]Wir spenden, statt zu schenken[\/vc_custom_heading][vc_column_text el_class=&#8221;half-margin-textcolumn&#8221; uncode_shortcode_id=&#8221;174265&#8243;]<\/p>\n<div class=\"uncode_text_column half-margin-textcolumn\">\n<p>Inzwischen ist es f\u00fcr uns zur Tradition geworden, dass wir auf die \u00fcblichen Weihnachtsgeschenke verzichten und lieber soziale, karitative Projekte in unserem Landkreis unterst\u00fctzen. Dabei hoffen wir auf Ihre Zustimmung.<\/p>\n<p>In diesem Jahr gingen unsere Spenden an: <a href=\"https:\/\/www.kindertal.de\/\">Kindertal e.V.<\/a>, <a href=\"https:\/\/www.kinderhospiz-burgholz.de\/\">Bergisches Kinder- und Jugendhospiz Burgholz<\/a> und Mpito.<\/p>\n<\/div>\n<p>[\/vc_column_text][\/vc_column][\/vc_row][vc_row row_height_percent=&#8221;0&#8243; override_padding=&#8221;yes&#8221; h_padding=&#8221;2&#8243; top_padding=&#8221;0&#8243; bottom_padding=&#8221;4&#8243; back_color=&#8221;color-131646&#8243; overlay_alpha=&#8221;50&#8243; gutter_size=&#8221;3&#8243; column_width_percent=&#8221;100&#8243; shift_y=&#8221;0&#8243; shift_y_fixed=&#8221;yes&#8221; z_index=&#8221;0&#8243; el_class=&#8221;offgrid-outbox-oben-3&#8243;][vc_column column_width_percent=&#8221;100&#8243; gutter_size=&#8221;3&#8243; overlay_alpha=&#8221;50&#8243; shift_x=&#8221;0&#8243; shift_y=&#8221;-4&#8243; shift_y_fixed=&#8221;yes&#8221; shift_y_down=&#8221;0&#8243; z_index=&#8221;0&#8243; medium_width=&#8221;0&#8243; mobile_width=&#8221;0&#8243; width=&#8221;1\/1&#8243;][vc_gallery el_id=&#8221;gallery-128165&#8243; medias=&#8221;78196,78198,78194&#8243; gutter_size=&#8221;3&#8243; media_items=&#8221;media|lightbox|poster,icon|lg,title,description&#8221; screen_lg=&#8221;1000&#8243; screen_md=&#8221;600&#8243; screen_sm=&#8221;480&#8243; single_text=&#8221;under&#8221; single_back_color=&#8221;color-xsdn&#8221; single_overlay_color=&#8221;color-115079&#8243; single_overlay_opacity=&#8221;50&#8243; single_overlay_visible=&#8221;yes&#8221; single_image_anim=&#8221;no&#8221; single_padding=&#8221;2&#8243; single_title_dimension=&#8221;h3&#8243; single_icon=&#8221;fa fa-play&#8221; single_shadow=&#8221;yes&#8221; shadow_weight=&#8221;sm&#8221; single_border=&#8221;yes&#8221; lbox_no_arrows=&#8221;yes&#8221; lbox_no_tmb=&#8221;yes&#8221;][\/vc_column][\/vc_row]<\/p><\/div>","protected":false},"excerpt":{"rendered":"<p>[vc_row row_height_percent=&#8221;0&#8243; override_padding=&#8221;yes&#8221; h_padding=&#8221;2&#8243; top_padding=&#8221;2&#8243; bottom_padding=&#8221;3&#8243; overlay_alpha=&#8221;50&#8243; gutter_size=&#8221;3&#8243; column_width_percent=&#8221;100&#8243; shift_y=&#8221;0&#8243; z_index=&#8221;0&#8243;][vc_column width=&#8221;1\/1&#8243;][vc_custom_heading heading_semantic=&#8221;h1&#8243; text_size=&#8221;h1&#8243;]Download detail information[\/vc_custom_heading][vc_column_text el_class=&#8221;half-margin-textcolumn&#8221;] Find our catalogues, [&hellip;]<\/p>\n","protected":false},"author":1,"featured_media":0,"parent":0,"menu_order":0,"comment_status":"closed","ping_status":"closed","template":"","meta":{"footnotes":""},"class_list":["post-77115","page","type-page","status-publish","hentry"],"_links":{"self":[{"href":"https:\/\/hagemann.plstr.dev\/en\/wp-json\/wp\/v2\/pages\/77115","targetHints":{"allow":["GET"]}}],"collection":[{"href":"https:\/\/hagemann.plstr.dev\/en\/wp-json\/wp\/v2\/pages"}],"about":[{"href":"https:\/\/hagemann.plstr.dev\/en\/wp-json\/wp\/v2\/types\/page"}],"author":[{"embeddable":true,"href":"https:\/\/hagemann.plstr.dev\/en\/wp-json\/wp\/v2\/users\/1"}],"replies":[{"embeddable":true,"href":"https:\/\/hagemann.plstr.dev\/en\/wp-json\/wp\/v2\/comments?post=77115"}],"version-history":[{"count":61,"href":"https:\/\/hagemann.plstr.dev\/en\/wp-json\/wp\/v2\/pages\/77115\/revisions"}],"predecessor-version":[{"id":79821,"href":"https:\/\/hagemann.plstr.dev\/en\/wp-json\/wp\/v2\/pages\/77115\/revisions\/79821"}],"wp:attachment":[{"href":"https:\/\/hagemann.plstr.dev\/en\/wp-json\/wp\/v2\/media?parent=77115"}],"curies":[{"name":"wp","href":"https:\/\/api.w.org\/{rel}","templated":true}]}}