{"id":78991,"date":"2022-07-26T12:37:55","date_gmt":"2022-07-26T10:37:55","guid":{"rendered":"https:\/\/hagemann.plstr.dev\/products\/manufacturing\/"},"modified":"2022-07-26T12:44:56","modified_gmt":"2022-07-26T10:44:56","slug":"manufacturing","status":"publish","type":"page","link":"https:\/\/hagemann.plstr.dev\/en\/products\/manufacturing\/","title":{"rendered":"Manufacturing"},"content":{"rendered":"<div class=\"wpb-content-wrapper\"><p>[vc_row row_height_percent=&#8221;0&#8243; override_padding=&#8221;yes&#8221; h_padding=&#8221;2&#8243; top_padding=&#8221;3&#8243; bottom_padding=&#8221;3&#8243; overlay_alpha=&#8221;50&#8243; gutter_size=&#8221;3&#8243; column_width_percent=&#8221;100&#8243; shift_y=&#8221;0&#8243; z_index=&#8221;0&#8243; uncode_shortcode_id=&#8221;928127&#8243;][vc_column column_width_percent=&#8221;100&#8243; gutter_size=&#8221;3&#8243; overlay_alpha=&#8221;50&#8243; shift_x=&#8221;0&#8243; shift_y=&#8221;0&#8243; shift_y_down=&#8221;0&#8243; z_index=&#8221;0&#8243; medium_width=&#8221;0&#8243; mobile_width=&#8221;0&#8243; width=&#8221;1\/1&#8243; uncode_shortcode_id=&#8221;201692&#8243;][vc_custom_heading heading_semantic=&#8221;h1&#8243; text_size=&#8221;h1&#8243; uncode_shortcode_id=&#8221;109171&#8243;]We manufacture. Flexible and reliable.[\/vc_custom_heading][vc_column_text uncode_shortcode_id=&#8221;927112&#8243; css=&#8221;.vc_custom_1652786422556{margin-bottom: 8px !important;}&#8221; el_class=&#8221;half-margin-textcolumn&#8221;]Hagemann Systems supplies pre-assembled connection components in high quality so that you can concentrate on the essentials in your production. Our focus on quality, safety and sustainability has been our mission for cable assembly since 1945 and led to certification according to DIN EN ISO 9001. The cable connections are also manufactured in compliance with the RoHS and REACH standards.[\/vc_column_text][\/vc_column][vc_column width=&#8221;1\/4&#8243;][vc_icon position=&#8221;left&#8221; icon=&#8221;fa fa-square-check&#8221; icon_color=&#8221;accent&#8221; size=&#8221;fa-2x&#8221; heading_semantic=&#8221;h4&#8243; text_size=&#8221;h4&#8243; title=&#8221;Prototyping&#8221; uncode_shortcode_id=&#8221;192574&#8243; icon_color_type=&#8221;uncode-palette&#8221; el_class=&#8221;ib-without-bg&#8221;][\/vc_icon][\/vc_column][vc_column column_width_percent=&#8221;100&#8243; gutter_size=&#8221;3&#8243; overlay_alpha=&#8221;50&#8243; shift_x=&#8221;0&#8243; shift_y=&#8221;0&#8243; shift_y_down=&#8221;0&#8243; z_index=&#8221;0&#8243; medium_width=&#8221;0&#8243; mobile_width=&#8221;0&#8243; width=&#8221;1\/4&#8243; uncode_shortcode_id=&#8221;756352&#8243;][vc_icon position=&#8221;left&#8221; icon=&#8221;fa fa-square-check&#8221; icon_color=&#8221;accent&#8221; size=&#8221;fa-2x&#8221; heading_semantic=&#8221;h4&#8243; text_size=&#8221;h4&#8243; title=&#8221;Small series&#8221; uncode_shortcode_id=&#8221;210314&#8243; icon_color_type=&#8221;uncode-palette&#8221; el_class=&#8221;ib-without-bg&#8221;][\/vc_icon][\/vc_column][vc_column width=&#8221;1\/4&#8243;][vc_icon position=&#8221;left&#8221; icon=&#8221;fa fa-square-check&#8221; icon_color=&#8221;accent&#8221; size=&#8221;fa-2x&#8221; heading_semantic=&#8221;h4&#8243; text_size=&#8221;h4&#8243; title=&#8221;Large series&#8221; uncode_shortcode_id=&#8221;241287&#8243; icon_color_type=&#8221;uncode-palette&#8221; el_class=&#8221;ib-without-bg&#8221;][\/vc_icon][\/vc_column][vc_column width=&#8221;1\/4&#8243;][vc_icon position=&#8221;left&#8221; icon_color=&#8221;color-xsdn&#8221; size=&#8221;fa-2x&#8221; heading_semantic=&#8221;h4&#8243; text_size=&#8221;h4&#8243; uncode_shortcode_id=&#8221;206523&#8243; icon_color_type=&#8221;uncode-palette&#8221; el_class=&#8221;ib-without-bg&#8221;][\/vc_icon][\/vc_column][\/vc_row][vc_row row_height_percent=&#8221;0&#8243; override_padding=&#8221;yes&#8221; h_padding=&#8221;2&#8243; top_padding=&#8221;2&#8243; bottom_padding=&#8221;3&#8243; overlay_alpha=&#8221;50&#8243; gutter_size=&#8221;3&#8243; column_width_percent=&#8221;100&#8243; shift_y=&#8221;0&#8243; z_index=&#8221;0&#8243; uncode_shortcode_id=&#8221;877904&#8243;][vc_column width=&#8221;1\/1&#8243;][vc_custom_heading text_size=&#8221;h1&#8243; uncode_shortcode_id=&#8221;407205&#8243;]Our manufacturing.[\/vc_custom_heading][vc_column_text el_class=&#8221;half-margin-textcolumn&#8221; uncode_shortcode_id=&#8221;168093&#8243;]Our focus on quality, safety and sustainability has been our mission for cable assembly since 1945 and led to certification according to DIN EN ISO 9001. Our cables are also manufactured in compliance with the RoHS and REACH standards.[\/vc_column_text][\/vc_column][\/vc_row][vc_row row_height_percent=&#8221;0&#8243; override_padding=&#8221;yes&#8221; h_padding=&#8221;2&#8243; top_padding=&#8221;0&#8243; bottom_padding=&#8221;0&#8243; back_color=&#8221;color-191845&#8243; overlay_alpha=&#8221;50&#8243; gutter_size=&#8221;3&#8243; column_width_percent=&#8221;100&#8243; shift_y=&#8221;0&#8243; z_index=&#8221;0&#8243; el_class=&#8221;bild-text-teiler&#8221; uncode_shortcode_id=&#8221;111453&#8243; back_color_type=&#8221;uncode-palette&#8221;][vc_column column_width_percent=&#8221;100&#8243; gutter_size=&#8221;3&#8243; overlay_alpha=&#8221;50&#8243; shift_x=&#8221;0&#8243; shift_y=&#8221;-2&#8243; shift_y_fixed=&#8221;yes&#8221; shift_y_down=&#8221;-2&#8243; shift_y_down_fixed=&#8221;yes&#8221; z_index=&#8221;0&#8243; medium_width=&#8221;0&#8243; mobile_width=&#8221;0&#8243; width=&#8221;1\/2&#8243;][vc_single_image media=&#8221;78847&#8243; media_lightbox=&#8221;yes&#8221; media_width_percent=&#8221;100&#8243; lbox_social=&#8221;yes&#8221; media_half_padding=&#8221;&#8221; media_title_uppercase=&#8221;&#8221; media_title_bold=&#8221;&#8221; media_title_serif=&#8221;&#8221; media_no_background=&#8221;&#8221; media_shadow=&#8221;&#8221; media_border=&#8221;yes&#8221; media_link_large=&#8221;&#8221; media_link_target=&#8221;_self&#8221; uncode_shortcode_id=&#8221;411149&#8243;][\/vc_column][vc_column column_width_percent=&#8221;100&#8243; position_vertical=&#8221;middle&#8221; gutter_size=&#8221;3&#8243; overlay_alpha=&#8221;50&#8243; shift_x=&#8221;0&#8243; shift_y=&#8221;2&#8243; shift_y_fixed=&#8221;yes&#8221; shift_y_down=&#8221;2&#8243; shift_y_down_fixed=&#8221;yes&#8221; z_index=&#8221;0&#8243; medium_width=&#8221;0&#8243; mobile_width=&#8221;0&#8243; width=&#8221;1\/2&#8243; el_class=&#8221;center-inner&#8221;][vc_icon position=&#8221;left&#8221; icon=&#8221;fa fa-square-check&#8221; icon_color=&#8221;color-xsdn&#8221; size=&#8221;fa-2x&#8221; heading_semantic=&#8221;h4&#8243; text_size=&#8221;h4&#8243; title=&#8221;Handmade&#8221; uncode_shortcode_id=&#8221;124642&#8243; icon_color_type=&#8221;uncode-palette&#8221;][\/vc_icon][vc_icon position=&#8221;left&#8221; icon=&#8221;fa fa-square-check&#8221; icon_color=&#8221;color-xsdn&#8221; size=&#8221;fa-2x&#8221; heading_semantic=&#8221;h4&#8243; text_size=&#8221;h4&#8243; title=&#8221;Semi-automatic (partly mechanical, partly manual)&#8221; uncode_shortcode_id=&#8221;718207&#8243; icon_color_type=&#8221;uncode-palette&#8221;][\/vc_icon][vc_icon position=&#8221;left&#8221; icon=&#8221;fa fa-square-check&#8221; icon_color=&#8221;color-xsdn&#8221; size=&#8221;fa-2x&#8221; heading_semantic=&#8221;h4&#8243; text_size=&#8221;h4&#8243; title=&#8221;Fully automatic&#8221; uncode_shortcode_id=&#8221;175611&#8243; icon_color_type=&#8221;uncode-palette&#8221;][\/vc_icon][\/vc_column][\/vc_row][vc_row row_height_percent=&#8221;0&#8243; override_padding=&#8221;yes&#8221; h_padding=&#8221;2&#8243; top_padding=&#8221;3&#8243; bottom_padding=&#8221;3&#8243; overlay_alpha=&#8221;50&#8243; gutter_size=&#8221;3&#8243; column_width_percent=&#8221;100&#8243; shift_y=&#8221;0&#8243; z_index=&#8221;0&#8243; uncode_shortcode_id=&#8221;182228&#8243;][vc_column width=&#8221;1\/1&#8243;][vc_column_text el_class=&#8221;half-margin-textcolumn&#8221; uncode_shortcode_id=&#8221;858877&#8243;]We assemble the cable connections for our customers mostly by machine in our production in Germany and in the company network. In the case of individual cable designs, prototype production or small series, the composition may be too complex to carry out this process automatically. In such cases, these cables or cables are assembled semi-automatically by our experienced employees, i.e. soldered, connected, crimped or mounted.[\/vc_column_text][vc_row_inner row_inner_height_percent=&#8221;0&#8243; overlay_alpha=&#8221;50&#8243; gutter_size=&#8221;3&#8243; shift_y=&#8221;0&#8243; z_index=&#8221;0&#8243; el_class=&#8221;center-btn&#8221;][vc_column_inner column_width_percent=&#8221;100&#8243; gutter_size=&#8221;3&#8243; overlay_alpha=&#8221;50&#8243; shift_x=&#8221;0&#8243; shift_y=&#8221;0&#8243; shift_y_down=&#8221;0&#8243; z_index=&#8221;0&#8243; medium_width=&#8221;0&#8243; mobile_width=&#8221;0&#8243; width=&#8221;1\/1&#8243;][vc_button button_color=&#8221;accent&#8221; size=&#8221;btn-lg&#8221; outline=&#8221;yes&#8221; border_width=&#8221;0&#8243; icon=&#8221;fa fa-arrow-right2&#8243; link=&#8221;url:https%3A%2F%2Fhagemann-systems.de%2Fen%2Fhagemann-systems%2Fcompetencies%2F|title:Competencies|&#8221;]Learn more about our competencies[\/vc_button][\/vc_column_inner][\/vc_row_inner][\/vc_column][\/vc_row][vc_row row_height_percent=&#8221;0&#8243; override_padding=&#8221;yes&#8221; h_padding=&#8221;2&#8243; top_padding=&#8221;2&#8243; bottom_padding=&#8221;5&#8243; overlay_alpha=&#8221;50&#8243; gutter_size=&#8221;3&#8243; column_width_percent=&#8221;100&#8243; shift_y=&#8221;0&#8243; z_index=&#8221;0&#8243; uncode_shortcode_id=&#8221;176877&#8243;][vc_column column_width_percent=&#8221;100&#8243; gutter_size=&#8221;3&#8243; overlay_alpha=&#8221;50&#8243; shift_x=&#8221;0&#8243; shift_y=&#8221;0&#8243; shift_y_down=&#8221;0&#8243; z_index=&#8221;0&#8243; medium_width=&#8221;0&#8243; mobile_width=&#8221;0&#8243; width=&#8221;1\/1&#8243; uncode_shortcode_id=&#8221;270293&#8243; el_class=&#8221;icon-box-half-margin&#8221;][vc_custom_heading text_size=&#8221;h1&#8243; uncode_shortcode_id=&#8221;162388&#8243;]Unser Know-How. Your benefits.[\/vc_custom_heading][vc_column_text el_class=&#8221;half-margin-textcolumn&#8221; uncode_shortcode_id=&#8221;104196&#8243;]We develop new solutions for our customers&#8217; cable challenges. This also includes the improvement of existing products. So erh\u00f6hen wir die Sicherheit und Qualit\u00e4t Ihrer Kabels\u00e4tze und tragen zu einer ressourcenschonenden Produktion bei.[\/vc_column_text][vc_icon position=&#8221;left&#8221; icon=&#8221;fa fa-square-check&#8221; icon_color=&#8221;accent&#8221; size=&#8221;fa-2x&#8221; heading_semantic=&#8221;h4&#8243; text_size=&#8221;h4&#8243; title=&#8221;Know-how in various manufacturing processes since 1945&#8243; uncode_shortcode_id=&#8221;409983&#8243; icon_color_type=&#8221;uncode-palette&#8221; el_class=&#8221;ib-without-bg&#8221;][\/vc_icon][vc_icon position=&#8221;left&#8221; icon=&#8221;fa fa-square-check&#8221; icon_color=&#8221;accent&#8221; size=&#8221;fa-2x&#8221; heading_semantic=&#8221;h4&#8243; text_size=&#8221;h4&#8243; title=&#8221;Development of new solutions and further development of existing products&#8221; uncode_shortcode_id=&#8221;127013&#8243; icon_color_type=&#8221;uncode-palette&#8221; el_class=&#8221;ib-without-bg&#8221;][\/vc_icon][vc_icon position=&#8221;left&#8221; icon=&#8221;fa fa-square-check&#8221; icon_color=&#8221;accent&#8221; size=&#8221;fa-2x&#8221; heading_semantic=&#8221;h4&#8243; text_size=&#8221;h4&#8243; title=&#8221;Customer-specific support from our development team from the initial idea to the series component&#8221; uncode_shortcode_id=&#8221;175698&#8243; icon_color_type=&#8221;uncode-palette&#8221; el_class=&#8221;ib-without-bg&#8221;][\/vc_icon][vc_icon position=&#8221;left&#8221; icon=&#8221;fa fa-square-check&#8221; icon_color=&#8221;accent&#8221; size=&#8221;fa-2x&#8221; heading_semantic=&#8221;h4&#8243; text_size=&#8221;h4&#8243; title=&#8221;Fast reaction times&#8221; uncode_shortcode_id=&#8221;100765&#8243; icon_color_type=&#8221;uncode-palette&#8221; el_class=&#8221;ib-without-bg&#8221;][\/vc_icon][vc_icon position=&#8221;left&#8221; icon=&#8221;fa fa-square-check&#8221; icon_color=&#8221;accent&#8221; size=&#8221;fa-2x&#8221; heading_semantic=&#8221;h4&#8243; text_size=&#8221;h4&#8243; title=&#8221;Reduced complexity&#8221; uncode_shortcode_id=&#8221;149720&#8243; icon_color_type=&#8221;uncode-palette&#8221; el_class=&#8221;ib-without-bg&#8221;][\/vc_icon][vc_icon position=&#8221;left&#8221; icon=&#8221;fa fa-square-check&#8221; icon_color=&#8221;accent&#8221; size=&#8221;fa-2x&#8221; heading_semantic=&#8221;h4&#8243; text_size=&#8221;h4&#8243; title=&#8221;Time saving&#8221; uncode_shortcode_id=&#8221;518875&#8243; icon_color_type=&#8221;uncode-palette&#8221; el_class=&#8221;ib-without-bg&#8221;][\/vc_icon][\/vc_column][\/vc_row][vc_row row_height_percent=&#8221;0&#8243; override_padding=&#8221;yes&#8221; h_padding=&#8221;2&#8243; top_padding=&#8221;4&#8243; bottom_padding=&#8221;4&#8243; back_color=&#8221;accent&#8221; overlay_alpha=&#8221;50&#8243; gutter_size=&#8221;3&#8243; column_width_percent=&#8221;100&#8243; shift_y=&#8221;0&#8243; z_index=&#8221;0&#8243;][vc_column column_width_percent=&#8221;100&#8243; position_horizontal=&#8221;left&#8221; gutter_size=&#8221;3&#8243; overlay_alpha=&#8221;50&#8243; shift_x=&#8221;0&#8243; shift_y=&#8221;0&#8243; shift_y_down=&#8221;0&#8243; z_index=&#8221;0&#8243; medium_width=&#8221;0&#8243; mobile_width=&#8221;0&#8243; width=&#8221;2\/3&#8243;][vc_custom_heading text_color=&#8221;color-xsdn&#8221;]Do you have special requirements? Contact us. We create solutions.[\/vc_custom_heading][vc_column_text el_class=&#8221;half-margin-textcolumn&#8221;]<span style=\"color: #ffffff;\">Hagemann Systems are your suppliers with added value. We always think one step ahead. Contact us. Let\u2019s create new opportunities out of issues \u2013 together!<\/span>[\/vc_column_text][vc_raw_html]PHNwYW4gY2xhc3M9ImJ0bi1jb250YWluZXIiPjxhIGhyZWY9IiNpbmRpdmlkdWVsbGUtYW5mcmFnZSIgY2xhc3M9ImZhbmN5Ym94LWlubGluZSBjdXN0b20tbGluayBidG4gYnRuLWxnIGJvcmRlci13aWR0aC0wIGJ0bi1jb2xvci14c2RuIGJ0bi1vdXRsaW5lIGJ0bi1pY29uLWxlZnQiPjxpIGNsYXNzPSJmYSBmYS1hcnJvdy1yaWdodDIiPjwvaT5NYWtlIGFuIGluZGl2aWR1YWwgcmVxdWVzdDwvYT48L3NwYW4+[\/vc_raw_html][\/vc_column][vc_column width=&#8221;1\/3&#8243;][vc_single_image media=&#8221;75047&#8243; media_width_percent=&#8221;100&#8243; el_class=&#8221;konfwire-hagemann&#8221;][\/vc_column][\/vc_row][vc_row row_height_percent=&#8221;0&#8243; override_padding=&#8221;yes&#8221; h_padding=&#8221;2&#8243; top_padding=&#8221;0&#8243; bottom_padding=&#8221;0&#8243; overlay_alpha=&#8221;50&#8243; gutter_size=&#8221;3&#8243; column_width_percent=&#8221;100&#8243; shift_y=&#8221;0&#8243; z_index=&#8221;0&#8243; row_name=&#8221;fancyboxID-1&#8243;][vc_column width=&#8221;1\/1&#8243;][vc_raw_html]PGRpdiBzdHlsZT0iZGlzcGxheTpub25lIiBjbGFzcz0iZmFuY3lib3gtaGlkZGVuIj48ZGl2IGlkPSJpbmRpdmlkdWVsbGUtYW5mcmFnZSIgY2xhc3M9ImhlbnRyeSIgc3R5bGU9IndpZHRoOjQ2MHB4O21heC13aWR0aDoxMDAlOyI+CjxkaXYgY2xhc3M9InJvdy1pbm5lciI+PGRpdiBjbGFzcz0icG9zLXRvcCBwb3MtY2VudGVyIGFsaWduX2xlZnQgY29sdW1uX3BhcmVudCBjb2wtbGctMTIgc2luZ2xlLWludGVybmFsLWd1dHRlciI+PGRpdiBjbGFzcz0idW5jb2wgc3R5bGUtbGlnaHQiPjxkaXYgY2xhc3M9InVuY29sdGFibGUiPjxkaXYgY2xhc3M9InVuY2VsbCBuby1ibG9jay1wYWRkaW5nIj48ZGl2IGNsYXNzPSJ1bmNvbnQiPjxkaXYgY2xhc3M9ImhlYWRpbmctdGV4dCI+PGgyIGNsYXNzPSJoMiIgc3R5bGU9Im1hcmdpbjowOyI+PHNwYW4+SW5kaXZpZHVhbCBhc3NlbWJseSByZXF1ZXN0PC9zcGFuPjwvaDI+PC9kaXY+PGRpdiBjbGFzcz0iY2xlYXIiPjwvZGl2PjxkaXYgY2xhc3M9InVuY29kZV90ZXh0X2NvbHVtbiI+PHAgY2xhc3M9ImNmNy1wIj5QbGVhc2UgZmlsbCBvdXQgdGhlIGZvbGxvd2luZyBmb3JtIHNvIHRoYXQgd2UgY2FuIHJlc3BvbmQgdG8geW91ciByZXF1ZXN0LiBJZiB5b3UgaGF2ZSBhbnkgcXVlc3Rpb25zLCB5b3UgY2FuIG9mIGNvdXJzZSBjb250YWN0IHVzIHBlcnNvbmFsbHkuPC9wPgpbY29udGFjdC1mb3JtLTcgaWQ9Ijc2MjkxIiB0aXRsZT0iUmVxdWVzdCJdPC9kaXY+PC9kaXY+PC9kaXY+PC9kaXY+PC9kaXY+PC9kaXY+PC9kaXY+CjwvZGl2Pg==[\/vc_raw_html][\/vc_column][\/vc_row]<\/p><\/div>","protected":false},"excerpt":{"rendered":"<p>We manufacture prototypes, small and large series for our customers at the highest level of quality. Due to our structure, we are flexible and able to react to customer requests at short notice. Flexibility and quality are our priority. In this way, we guarantee an efficient production and simultaneously ensure a high level of quality, safety and sustainability. Our experienced team of engineers is always at your disposal. Contact us if you have further questions.<\/p>\n","protected":false},"author":1,"featured_media":78847,"parent":77251,"menu_order":0,"comment_status":"closed","ping_status":"closed","template":"","meta":{"footnotes":""},"class_list":["post-78991","page","type-page","status-publish","has-post-thumbnail","hentry"],"_links":{"self":[{"href":"https:\/\/hagemann.plstr.dev\/en\/wp-json\/wp\/v2\/pages\/78991","targetHints":{"allow":["GET"]}}],"collection":[{"href":"https:\/\/hagemann.plstr.dev\/en\/wp-json\/wp\/v2\/pages"}],"about":[{"href":"https:\/\/hagemann.plstr.dev\/en\/wp-json\/wp\/v2\/types\/page"}],"author":[{"embeddable":true,"href":"https:\/\/hagemann.plstr.dev\/en\/wp-json\/wp\/v2\/users\/1"}],"replies":[{"embeddable":true,"href":"https:\/\/hagemann.plstr.dev\/en\/wp-json\/wp\/v2\/comments?post=78991"}],"version-history":[{"count":6,"href":"https:\/\/hagemann.plstr.dev\/en\/wp-json\/wp\/v2\/pages\/78991\/revisions"}],"predecessor-version":[{"id":78997,"href":"https:\/\/hagemann.plstr.dev\/en\/wp-json\/wp\/v2\/pages\/78991\/revisions\/78997"}],"up":[{"embeddable":true,"href":"https:\/\/hagemann.plstr.dev\/en\/wp-json\/wp\/v2\/pages\/77251"}],"wp:featuredmedia":[{"embeddable":true,"href":"https:\/\/hagemann.plstr.dev\/en\/wp-json\/wp\/v2\/media\/78847"}],"wp:attachment":[{"href":"https:\/\/hagemann.plstr.dev\/en\/wp-json\/wp\/v2\/media?parent=78991"}],"curies":[{"name":"wp","href":"https:\/\/api.w.org\/{rel}","templated":true}]}}